{"id":31101,"date":"2021-03-16T13:29:57","date_gmt":"2021-04-27T07:59:40","guid":{"rendered":"https:\/\/lespiculins.com\/producto\/chumbo-reversivel-da-liberdade-do-mat-bugaboo\/"},"modified":"2021-04-27T09:59:41","modified_gmt":"2021-04-27T07:59:41","slug":"mat-reversivel-bugaboo-liberty-lead","status":"publish","type":"product","link":"https:\/\/lespiculins.com\/pt-pt\/produto\/mat-reversivel-bugaboo-liberty-lead\/","title":{"rendered":"Chumbo revers\u00edvel da liberdade do Mat Bugaboo"},"content":{"rendered":"<section class=\"wpb-content-wrapper\"><section class=\"l-section wpb_row height_medium\"><div class=\"l-section-h i-cf\"><div class=\"g-cols vc_row via_flex valign_top type_default stacking_default\"><div class=\"vc_col-sm-12 wpb_column vc_column_container\"><div class=\"vc_column-inner\"><div class=\"wpb_wrapper\"><div class=\"wpb_text_column\"><div class=\"wpb_wrapper\"><p>Mais detalhes do nosso Colch\u00e3o Revers\u00edvel Bugaboo Liberty Lead Revers\u00edvel<\/p>\n<ul>\n<li>revers\u00edvel.<\/li>\n<li>Um rosto com uma flor azul e rosa e um plumeti branco liso.<\/li>\n<li>Tapete universal para todos os modelos Bugaboo.<\/li>\n<li><strong>Gorjetas de lavagem .<\/strong> Maquinado, com o detergente hipoalerg\u00e9nico do seu beb\u00e9, m\u00e1ximo a 30oC. N\u00e3o pode passar ou usar um secador.<\/li>\n<\/ul>\n<\/div><\/div><\/div><\/div><\/div><\/div><\/div><\/section>\n<\/section>","protected":false},"excerpt":{"rendered":"<p style=\"text-align: justify;\">Tapete <strong>revers\u00edvel universal,<\/strong>compat\u00edvel com todos os modelos Bugaboo (Cameleon, Fox, Burro, Buffalo e Bee). <strong>Tem um rosto estampado com Liberty London<\/strong> e um suave <strong>plumeti branco,<\/strong>volantito terminar em todo o contorno.<\/p>\n<p style=\"text-align: justify;\">Inclui capas de arn\u00eas Liberty para combinar com o tapete.<\/p>\n<p style=\"text-align: justify;\">Pode completar o seu conjunto com um saco combinado: <a href=\"https:\/\/lespiculins.com\/producto\/bolsa-mini-liberty-plomo\/\" target=\"_blank\" rel=\"noopener\">Mini Liberty Lead Bag. <\/a> <\/p>\n","protected":false},"featured_media":30984,"template":"","meta":{"_joinchat":[]},"product_cat":[209],"product_tag":[309],"yoast_head":"<!-- This site is optimized with the Yoast SEO plugin v21.5 - https:\/\/yoast.com\/wordpress\/plugins\/seo\/ -->\n<title>Chumbo revers\u00edvel mat Bugaboo Liberty Lead | | de caminhada Os Piculins<\/title>\n<meta name=\"description\" content=\"Tapete de chumbo da liberdade do Bugaboo revers\u00edvel. Universal revers\u00edvel. Um rosto com flores de liberdade de impress\u00e3o e outro plumeti branco simples.\" \/>\n<meta name=\"robots\" content=\"index, follow, max-snippet:-1, max-image-preview:large, max-video-preview:-1\" \/>\n<link rel=\"canonical\" href=\"https:\/\/lespiculins.com\/pt-pt\/produto\/mat-reversivel-bugaboo-liberty-lead\/\" \/>\n<meta property=\"og:locale\" content=\"pt_PT\" \/>\n<meta property=\"og:type\" content=\"article\" \/>\n<meta property=\"og:title\" content=\"Chumbo revers\u00edvel mat Bugaboo Liberty Lead | | de caminhada Os Piculins\" \/>\n<meta property=\"og:description\" content=\"Tapete de chumbo da liberdade do Bugaboo revers\u00edvel. Universal revers\u00edvel. Um rosto com flores de liberdade de impress\u00e3o e outro plumeti branco simples.\" \/>\n<meta property=\"og:url\" content=\"https:\/\/lespiculins.com\/pt-pt\/produto\/mat-reversivel-bugaboo-liberty-lead\/\" \/>\n<meta property=\"og:site_name\" content=\"Les Piculins\" \/>\n<meta property=\"article:modified_time\" content=\"2021-04-27T07:59:41+00:00\" \/>\n<meta property=\"og:image\" content=\"https:\/\/lespiculins.com\/wp-content\/uploads\/2021\/03\/colchoneta-universal-betsy-1.jpg\" \/>\n\t<meta property=\"og:image:width\" content=\"1238\" \/>\n\t<meta property=\"og:image:height\" content=\"1449\" \/>\n\t<meta property=\"og:image:type\" content=\"image\/jpeg\" \/>\n<meta name=\"twitter:card\" content=\"summary_large_image\" \/>\n<script type=\"application\/ld+json\" class=\"yoast-schema-graph\">{\"@context\":\"https:\/\/schema.org\",\"@graph\":[{\"@type\":\"WebPage\",\"@id\":\"https:\/\/lespiculins.com\/pt-pt\/produto\/mat-reversivel-bugaboo-liberty-lead\/\",\"url\":\"https:\/\/lespiculins.com\/pt-pt\/produto\/mat-reversivel-bugaboo-liberty-lead\/\",\"name\":\"Chumbo revers\u00edvel mat Bugaboo Liberty Lead | | de caminhada Os Piculins\",\"isPartOf\":{\"@id\":\"https:\/\/lespiculins.com\/pt-pt\/#website\"},\"datePublished\":\"2021-04-27T07:59:40+00:00\",\"dateModified\":\"2021-04-27T07:59:41+00:00\",\"description\":\"Tapete de chumbo da liberdade do Bugaboo revers\u00edvel. Universal revers\u00edvel. Um rosto com flores de liberdade de impress\u00e3o e outro plumeti branco simples.\",\"breadcrumb\":{\"@id\":\"https:\/\/lespiculins.com\/pt-pt\/produto\/mat-reversivel-bugaboo-liberty-lead\/#breadcrumb\"},\"inLanguage\":\"pt-PT\",\"potentialAction\":[{\"@type\":\"ReadAction\",\"target\":[\"https:\/\/lespiculins.com\/pt-pt\/produto\/mat-reversivel-bugaboo-liberty-lead\/\"]}]},{\"@type\":\"BreadcrumbList\",\"@id\":\"https:\/\/lespiculins.com\/pt-pt\/produto\/mat-reversivel-bugaboo-liberty-lead\/#breadcrumb\",\"itemListElement\":[{\"@type\":\"ListItem\",\"position\":1,\"name\":\"Portada\",\"item\":\"https:\/\/lespiculins.com\/pt-pt\/inicio\/\"},{\"@type\":\"ListItem\",\"position\":2,\"name\":\"Loja\",\"item\":\"https:\/\/lespiculins.com\/pt-pt\/loja\/\"},{\"@type\":\"ListItem\",\"position\":3,\"name\":\"Chumbo revers\u00edvel da liberdade do Mat Bugaboo\"}]},{\"@type\":\"WebSite\",\"@id\":\"https:\/\/lespiculins.com\/pt-pt\/#website\",\"url\":\"https:\/\/lespiculins.com\/pt-pt\/\",\"name\":\"Les Piculins\",\"description\":\"Fundas para carritos, bugaboo, maclaren, icoo, bebecar, mima...\",\"potentialAction\":[{\"@type\":\"SearchAction\",\"target\":{\"@type\":\"EntryPoint\",\"urlTemplate\":\"https:\/\/lespiculins.com\/pt-pt\/?s={search_term_string}\"},\"query-input\":\"required name=search_term_string\"}],\"inLanguage\":\"pt-PT\"}]}<\/script>\n<!-- \/ Yoast SEO plugin. -->","yoast_head_json":{"title":"Chumbo revers\u00edvel mat Bugaboo Liberty Lead | | de caminhada Os Piculins","description":"Tapete de chumbo da liberdade do Bugaboo revers\u00edvel. Universal revers\u00edvel. Um rosto com flores de liberdade de impress\u00e3o e outro plumeti branco simples.","robots":{"index":"index","follow":"follow","max-snippet":"max-snippet:-1","max-image-preview":"max-image-preview:large","max-video-preview":"max-video-preview:-1"},"canonical":"https:\/\/lespiculins.com\/pt-pt\/produto\/mat-reversivel-bugaboo-liberty-lead\/","og_locale":"pt_PT","og_type":"article","og_title":"Chumbo revers\u00edvel mat Bugaboo Liberty Lead | | de caminhada Os Piculins","og_description":"Tapete de chumbo da liberdade do Bugaboo revers\u00edvel. Universal revers\u00edvel. Um rosto com flores de liberdade de impress\u00e3o e outro plumeti branco simples.","og_url":"https:\/\/lespiculins.com\/pt-pt\/produto\/mat-reversivel-bugaboo-liberty-lead\/","og_site_name":"Les Piculins","article_modified_time":"2021-04-27T07:59:41+00:00","og_image":[{"width":1238,"height":1449,"url":"https:\/\/lespiculins.com\/wp-content\/uploads\/2021\/03\/colchoneta-universal-betsy-1.jpg","type":"image\/jpeg"}],"twitter_card":"summary_large_image","schema":{"@context":"https:\/\/schema.org","@graph":[{"@type":"WebPage","@id":"https:\/\/lespiculins.com\/pt-pt\/produto\/mat-reversivel-bugaboo-liberty-lead\/","url":"https:\/\/lespiculins.com\/pt-pt\/produto\/mat-reversivel-bugaboo-liberty-lead\/","name":"Chumbo revers\u00edvel mat Bugaboo Liberty Lead | | de caminhada Os Piculins","isPartOf":{"@id":"https:\/\/lespiculins.com\/pt-pt\/#website"},"datePublished":"2021-04-27T07:59:40+00:00","dateModified":"2021-04-27T07:59:41+00:00","description":"Tapete de chumbo da liberdade do Bugaboo revers\u00edvel. Universal revers\u00edvel. Um rosto com flores de liberdade de impress\u00e3o e outro plumeti branco simples.","breadcrumb":{"@id":"https:\/\/lespiculins.com\/pt-pt\/produto\/mat-reversivel-bugaboo-liberty-lead\/#breadcrumb"},"inLanguage":"pt-PT","potentialAction":[{"@type":"ReadAction","target":["https:\/\/lespiculins.com\/pt-pt\/produto\/mat-reversivel-bugaboo-liberty-lead\/"]}]},{"@type":"BreadcrumbList","@id":"https:\/\/lespiculins.com\/pt-pt\/produto\/mat-reversivel-bugaboo-liberty-lead\/#breadcrumb","itemListElement":[{"@type":"ListItem","position":1,"name":"Portada","item":"https:\/\/lespiculins.com\/pt-pt\/inicio\/"},{"@type":"ListItem","position":2,"name":"Loja","item":"https:\/\/lespiculins.com\/pt-pt\/loja\/"},{"@type":"ListItem","position":3,"name":"Chumbo revers\u00edvel da liberdade do Mat Bugaboo"}]},{"@type":"WebSite","@id":"https:\/\/lespiculins.com\/pt-pt\/#website","url":"https:\/\/lespiculins.com\/pt-pt\/","name":"Les Piculins","description":"Fundas para carritos, bugaboo, maclaren, icoo, bebecar, mima...","potentialAction":[{"@type":"SearchAction","target":{"@type":"EntryPoint","urlTemplate":"https:\/\/lespiculins.com\/pt-pt\/?s={search_term_string}"},"query-input":"required name=search_term_string"}],"inLanguage":"pt-PT"}]}},"_links":{"self":[{"href":"https:\/\/lespiculins.com\/pt-pt\/wp-json\/wp\/v2\/product\/31101"}],"collection":[{"href":"https:\/\/lespiculins.com\/pt-pt\/wp-json\/wp\/v2\/product"}],"about":[{"href":"https:\/\/lespiculins.com\/pt-pt\/wp-json\/wp\/v2\/types\/product"}],"wp:featuredmedia":[{"embeddable":true,"href":"https:\/\/lespiculins.com\/pt-pt\/wp-json\/wp\/v2\/media\/30984"}],"wp:attachment":[{"href":"https:\/\/lespiculins.com\/pt-pt\/wp-json\/wp\/v2\/media?parent=31101"}],"wp:term":[{"taxonomy":"product_cat","embeddable":true,"href":"https:\/\/lespiculins.com\/pt-pt\/wp-json\/wp\/v2\/product_cat?post=31101"},{"taxonomy":"product_tag","embeddable":true,"href":"https:\/\/lespiculins.com\/pt-pt\/wp-json\/wp\/v2\/product_tag?post=31101"}],"curies":[{"name":"wp","href":"https:\/\/api.w.org\/{rel}","templated":true}]}}