{"id":31091,"date":"2021-03-18T10:47:53","date_gmt":"2021-04-27T07:56:17","guid":{"rendered":"https:\/\/lespiculins.com\/producto\/liberty-animalitos-pastel-light-arrullo\/"},"modified":"2024-05-27T09:40:05","modified_gmt":"2024-05-27T07:40:05","slug":"liberty-animalitos-pastel-light-arrullo","status":"publish","type":"product","link":"https:\/\/lespiculins.com\/pt-pt\/produto\/liberty-animalitos-pastel-light-arrullo\/","title":{"rendered":"Liberty Animalitos Pastel Light Arrullo"},"content":{"rendered":"<section class=\"wpb-content-wrapper\"><section class=\"l-section wpb_row height_medium\"><div class=\"l-section-h i-cf\"><div class=\"g-cols vc_row via_flex valign_top type_default stacking_default\"><div class=\"vc_col-sm-12 wpb_column vc_column_container\"><div class=\"vc_column-inner\"><div class=\"wpb_wrapper\"><div class=\"wpb_text_column\"><div class=\"wpb_wrapper\"><p>Mais detalhes do nosso Liberty Animalitos Pastel Light Arrullo<\/p>\n<ul>\n<li>Tamanho 100 x 100 cm.<\/li>\n<li>100% algod\u00e3o.<\/li>\n<li>Cor e impress\u00e3o: Bambula branca com flounce Liberty London impresso com animalitos em tons pastel.<\/li>\n<li>Combinado com <a href=\"https:\/\/lespiculins.com\/producto\/saco-bebe-liberty-animalitos-pastel\/\" target=\"_blank\" rel=\"noopener\">Liberty Animalitos Pastel Baby Bag,<\/a> <a href=\"https:\/\/lespiculins.com\/producto\/colchoneta-reversible-bugaboo-animalitos-pastel\/\" target=\"_blank\" rel=\"noopener\">Bugaboo Animalitos Pastel Reversible Mattress,<\/a> <a href=\"https:\/\/lespiculins.com\/producto\/saco-bugaboo-liberty-animalitos-pastel\/\" target=\"_blank\" rel=\"noopener\">Bugaboo Liberty Animalitos Pastel Bag.<\/a> Tamb\u00e9m o <a href=\"https:\/\/lespiculins.com\/producto\/mini-liberty-animalitos-pastel\/\" target=\"_blank\" rel=\"noopener\">Mini Liberty Animalitos Pastel Bag.<\/a><\/li>\n<\/ul>\n<\/div><\/div><\/div><\/div><\/div><\/div><\/div><\/section>\n<\/section>","protected":false},"excerpt":{"rendered":"<p style=\"text-align: justify;\"><strong>Leve sossego,<\/strong>em <strong>bambula crua<\/strong> macia com um <strong>volantito em Liberty Londres carimbado com animais em tons pastel.<\/strong> Ideal para pegar o seu beb\u00e9 quando o tirar da bagagem nas noites de ver\u00e3o. Tamb\u00e9m vais us\u00e1-lo para cobrir o teu beb\u00e9 na cadeira dele ou dela. Esta toquilla leve tem a fun\u00e7\u00e3o <strong>de proteger<\/strong> o beb\u00e9, quer seja levado nos bra\u00e7os, se estiver a ser levado para um passeio, quando entras no carro&#8230;<\/p>\n<p style=\"text-align: justify;\">Ser feito de tecidos leves n\u00e3o sufoca o beb\u00e9 como um cobertor. S\u00e3o <strong>muito pr\u00e1ticos e \u00fateis,<\/strong>por isso muitas m\u00e3es ou pais t\u00eam mais de um e dois, porque s\u00e3o usados diariamente.<\/p>\n<p style=\"text-align: justify;\">Nosso cobertor tem que combinar com outros produtos como: <a href=\"https:\/\/lespiculins.com\/producto\/saco-bebe-liberty-animalitos-pastel\/\" target=\"_blank\" rel=\"noopener\">Liberty Animalitos Pastel<\/a>Baby Sack, <a href=\"https:\/\/lespiculins.com\/producto\/colchoneta-reversible-bugaboo-animalitos-pastel\/\" target=\"_blank\" rel=\"noopener\">Bugaboo Animalitos Pastel Reversible Mattress,<\/a> <a href=\"https:\/\/lespiculins.com\/producto\/saco-bugaboo-liberty-animalitos-pastel\/\" target=\"_blank\" rel=\"noopener\">Bugaboo Liberty Animalitos Pastel Bag.<\/a> Tamb\u00e9m o <a href=\"https:\/\/lespiculins.com\/producto\/mini-liberty-animalitos-pastel\/\" target=\"_blank\" rel=\"noopener\">Mini Liberty Animalitos Pastel Bag.<\/a><\/p>\n<p style=\"text-align: justify;\">Mantenha a <strong>sua calma como nova,<\/strong>seguindo as nossas dicas de lavagem. Maquinado, com o detergente hipoalerg\u00e9nico do seu beb\u00e9, m\u00e1ximo a 30oC. N\u00e3o pode passar ou usar um secador.<\/p>\n","protected":false},"featured_media":31004,"template":"","meta":{"_joinchat":[]},"product_cat":[111],"product_tag":[304],"yoast_head":"<!-- This site is optimized with the Yoast SEO plugin v21.5 - https:\/\/yoast.com\/wordpress\/plugins\/seo\/ -->\n<title>Acess\u00f3rios Light Arrullo Liberty Animalitos Pastel Les Piculins<\/title>\n<meta name=\"description\" content=\"Liberty Animalitos Pastel Light Arrullo. 100% algod\u00e3o. Em bambula branca com flounce Liberty London carimbado com animalitos em tons pastel\" \/>\n<meta name=\"robots\" content=\"index, follow, max-snippet:-1, max-image-preview:large, max-video-preview:-1\" \/>\n<link rel=\"canonical\" href=\"https:\/\/lespiculins.com\/pt-pt\/produto\/liberty-animalitos-pastel-light-arrullo\/\" \/>\n<meta property=\"og:locale\" content=\"pt_PT\" \/>\n<meta property=\"og:type\" content=\"article\" \/>\n<meta property=\"og:title\" content=\"Acess\u00f3rios Light Arrullo Liberty Animalitos Pastel Les Piculins\" \/>\n<meta property=\"og:description\" content=\"Liberty Animalitos Pastel Light Arrullo. 100% algod\u00e3o. Em bambula branca com flounce Liberty London carimbado com animalitos em tons pastel\" \/>\n<meta property=\"og:url\" content=\"https:\/\/lespiculins.com\/pt-pt\/produto\/liberty-animalitos-pastel-light-arrullo\/\" \/>\n<meta property=\"og:site_name\" content=\"Les Piculins\" \/>\n<meta property=\"article:modified_time\" content=\"2024-05-27T07:40:05+00:00\" \/>\n<meta property=\"og:image\" content=\"https:\/\/lespiculins.com\/wp-content\/uploads\/2021\/03\/arrullo-liberty-animalitos-pastel-1-scaled.jpg\" \/>\n\t<meta property=\"og:image:width\" content=\"2560\" \/>\n\t<meta property=\"og:image:height\" content=\"2175\" \/>\n\t<meta property=\"og:image:type\" content=\"image\/jpeg\" \/>\n<meta name=\"twitter:card\" content=\"summary_large_image\" \/>\n<script type=\"application\/ld+json\" class=\"yoast-schema-graph\">{\"@context\":\"https:\/\/schema.org\",\"@graph\":[{\"@type\":\"WebPage\",\"@id\":\"https:\/\/lespiculins.com\/pt-pt\/produto\/liberty-animalitos-pastel-light-arrullo\/\",\"url\":\"https:\/\/lespiculins.com\/pt-pt\/produto\/liberty-animalitos-pastel-light-arrullo\/\",\"name\":\"Acess\u00f3rios Light Arrullo Liberty Animalitos Pastel Les Piculins\",\"isPartOf\":{\"@id\":\"https:\/\/lespiculins.com\/pt-pt\/#website\"},\"datePublished\":\"2021-04-27T07:56:17+00:00\",\"dateModified\":\"2024-05-27T07:40:05+00:00\",\"description\":\"Liberty Animalitos Pastel Light Arrullo. 100% algod\u00e3o. Em bambula branca com flounce Liberty London carimbado com animalitos em tons pastel\",\"breadcrumb\":{\"@id\":\"https:\/\/lespiculins.com\/pt-pt\/produto\/liberty-animalitos-pastel-light-arrullo\/#breadcrumb\"},\"inLanguage\":\"pt-PT\",\"potentialAction\":[{\"@type\":\"ReadAction\",\"target\":[\"https:\/\/lespiculins.com\/pt-pt\/produto\/liberty-animalitos-pastel-light-arrullo\/\"]}]},{\"@type\":\"BreadcrumbList\",\"@id\":\"https:\/\/lespiculins.com\/pt-pt\/produto\/liberty-animalitos-pastel-light-arrullo\/#breadcrumb\",\"itemListElement\":[{\"@type\":\"ListItem\",\"position\":1,\"name\":\"Portada\",\"item\":\"https:\/\/lespiculins.com\/pt-pt\/inicio\/\"},{\"@type\":\"ListItem\",\"position\":2,\"name\":\"Loja\",\"item\":\"https:\/\/lespiculins.com\/pt-pt\/loja\/\"},{\"@type\":\"ListItem\",\"position\":3,\"name\":\"Liberty Animalitos Pastel Light Arrullo\"}]},{\"@type\":\"WebSite\",\"@id\":\"https:\/\/lespiculins.com\/pt-pt\/#website\",\"url\":\"https:\/\/lespiculins.com\/pt-pt\/\",\"name\":\"Les Piculins\",\"description\":\"Fundas para carritos, bugaboo, maclaren, icoo, bebecar, mima...\",\"potentialAction\":[{\"@type\":\"SearchAction\",\"target\":{\"@type\":\"EntryPoint\",\"urlTemplate\":\"https:\/\/lespiculins.com\/pt-pt\/?s={search_term_string}\"},\"query-input\":\"required name=search_term_string\"}],\"inLanguage\":\"pt-PT\"}]}<\/script>\n<!-- \/ Yoast SEO plugin. -->","yoast_head_json":{"title":"Acess\u00f3rios Light Arrullo Liberty Animalitos Pastel Les Piculins","description":"Liberty Animalitos Pastel Light Arrullo. 100% algod\u00e3o. Em bambula branca com flounce Liberty London carimbado com animalitos em tons pastel","robots":{"index":"index","follow":"follow","max-snippet":"max-snippet:-1","max-image-preview":"max-image-preview:large","max-video-preview":"max-video-preview:-1"},"canonical":"https:\/\/lespiculins.com\/pt-pt\/produto\/liberty-animalitos-pastel-light-arrullo\/","og_locale":"pt_PT","og_type":"article","og_title":"Acess\u00f3rios Light Arrullo Liberty Animalitos Pastel Les Piculins","og_description":"Liberty Animalitos Pastel Light Arrullo. 100% algod\u00e3o. Em bambula branca com flounce Liberty London carimbado com animalitos em tons pastel","og_url":"https:\/\/lespiculins.com\/pt-pt\/produto\/liberty-animalitos-pastel-light-arrullo\/","og_site_name":"Les Piculins","article_modified_time":"2024-05-27T07:40:05+00:00","og_image":[{"width":2560,"height":2175,"url":"https:\/\/lespiculins.com\/wp-content\/uploads\/2021\/03\/arrullo-liberty-animalitos-pastel-1-scaled.jpg","type":"image\/jpeg"}],"twitter_card":"summary_large_image","schema":{"@context":"https:\/\/schema.org","@graph":[{"@type":"WebPage","@id":"https:\/\/lespiculins.com\/pt-pt\/produto\/liberty-animalitos-pastel-light-arrullo\/","url":"https:\/\/lespiculins.com\/pt-pt\/produto\/liberty-animalitos-pastel-light-arrullo\/","name":"Acess\u00f3rios Light Arrullo Liberty Animalitos Pastel Les Piculins","isPartOf":{"@id":"https:\/\/lespiculins.com\/pt-pt\/#website"},"datePublished":"2021-04-27T07:56:17+00:00","dateModified":"2024-05-27T07:40:05+00:00","description":"Liberty Animalitos Pastel Light Arrullo. 100% algod\u00e3o. Em bambula branca com flounce Liberty London carimbado com animalitos em tons pastel","breadcrumb":{"@id":"https:\/\/lespiculins.com\/pt-pt\/produto\/liberty-animalitos-pastel-light-arrullo\/#breadcrumb"},"inLanguage":"pt-PT","potentialAction":[{"@type":"ReadAction","target":["https:\/\/lespiculins.com\/pt-pt\/produto\/liberty-animalitos-pastel-light-arrullo\/"]}]},{"@type":"BreadcrumbList","@id":"https:\/\/lespiculins.com\/pt-pt\/produto\/liberty-animalitos-pastel-light-arrullo\/#breadcrumb","itemListElement":[{"@type":"ListItem","position":1,"name":"Portada","item":"https:\/\/lespiculins.com\/pt-pt\/inicio\/"},{"@type":"ListItem","position":2,"name":"Loja","item":"https:\/\/lespiculins.com\/pt-pt\/loja\/"},{"@type":"ListItem","position":3,"name":"Liberty Animalitos Pastel Light Arrullo"}]},{"@type":"WebSite","@id":"https:\/\/lespiculins.com\/pt-pt\/#website","url":"https:\/\/lespiculins.com\/pt-pt\/","name":"Les Piculins","description":"Fundas para carritos, bugaboo, maclaren, icoo, bebecar, mima...","potentialAction":[{"@type":"SearchAction","target":{"@type":"EntryPoint","urlTemplate":"https:\/\/lespiculins.com\/pt-pt\/?s={search_term_string}"},"query-input":"required name=search_term_string"}],"inLanguage":"pt-PT"}]}},"_links":{"self":[{"href":"https:\/\/lespiculins.com\/pt-pt\/wp-json\/wp\/v2\/product\/31091"}],"collection":[{"href":"https:\/\/lespiculins.com\/pt-pt\/wp-json\/wp\/v2\/product"}],"about":[{"href":"https:\/\/lespiculins.com\/pt-pt\/wp-json\/wp\/v2\/types\/product"}],"wp:featuredmedia":[{"embeddable":true,"href":"https:\/\/lespiculins.com\/pt-pt\/wp-json\/wp\/v2\/media\/31004"}],"wp:attachment":[{"href":"https:\/\/lespiculins.com\/pt-pt\/wp-json\/wp\/v2\/media?parent=31091"}],"wp:term":[{"taxonomy":"product_cat","embeddable":true,"href":"https:\/\/lespiculins.com\/pt-pt\/wp-json\/wp\/v2\/product_cat?post=31091"},{"taxonomy":"product_tag","embeddable":true,"href":"https:\/\/lespiculins.com\/pt-pt\/wp-json\/wp\/v2\/product_tag?post=31091"}],"curies":[{"name":"wp","href":"https:\/\/api.w.org\/{rel}","templated":true}]}}