{"id":31087,"date":"2021-03-19T12:59:30","date_gmt":"2021-04-27T07:55:05","guid":{"rendered":"https:\/\/lespiculins.com\/producto\/caso-capaz-plumeti\/"},"modified":"2021-04-27T09:55:11","modified_gmt":"2021-04-27T07:55:11","slug":"cobertura-capaz-plumeti","status":"publish","type":"product","link":"https:\/\/lespiculins.com\/pt-pt\/produto\/cobertura-capaz-plumeti\/","title":{"rendered":"Caso Capaz plumeti"},"content":{"rendered":"<p>Mais detalhes da nossa Cobertura Plumeti Capazo<\/p>\n<ul>\n<li><strong>Gorjetas de lavagem .<\/strong> Maquinado, com o detergente hipoalerg\u00e9nico do seu beb\u00e9, m\u00e1ximo a 30oC. N\u00e3o pode passar ou usar um secador.<\/li>\n<\/ul>\n","protected":false},"excerpt":{"rendered":"<p style=\"text-align: justify;\"><strong>Cubra para forrar a sua alcofa bugaboo<\/strong> <strong>em plumeti branco<\/strong> com um acabamento <strong>volantito em vichy.<\/strong> Pode escolher entre vichy aqua e rosa em p\u00f3.<\/p>\n<p style=\"text-align: justify;\"><strong>Est\u00e1 forrado e regado,<\/strong>para que o seu beb\u00e9 se sinta mais aconchegado. <strong>Inclui o seu fundo combinado,<\/strong>em plumeti, para cobrir o seu colch\u00e3o.<\/p>\n<p style=\"text-align: justify;\"><strong>Deve indicar em observa\u00e7\u00f5es de modelo<\/strong> do seu Bugaboo (Cameleon, Fox, Bee, Burro, Buffalo) e cor para o volantito.<\/p>\n<p style=\"text-align: justify;\">Prazo de entrega 7 dias.<\/p>\n","protected":false},"featured_media":31010,"template":"","meta":{"_joinchat":[]},"product_cat":[149],"product_tag":[377,326],"yoast_head":"<!-- This site is optimized with the Yoast SEO plugin v21.5 - https:\/\/yoast.com\/wordpress\/plugins\/seo\/ -->\n<title>| Capazo Plumeti | de Acess\u00f3rios de Caminhada Os Piculins<\/title>\n<meta name=\"description\" content=\"Caso Capaz plumeti. Cubra para forrar a sua alcofa bugaboo em plumeti branco com um acabamento volantito em vichy.\" \/>\n<meta name=\"robots\" content=\"index, follow, max-snippet:-1, max-image-preview:large, max-video-preview:-1\" \/>\n<link rel=\"canonical\" href=\"https:\/\/lespiculins.com\/pt-pt\/produto\/cobertura-capaz-plumeti\/\" \/>\n<meta property=\"og:locale\" content=\"pt_PT\" \/>\n<meta property=\"og:type\" content=\"article\" \/>\n<meta property=\"og:title\" content=\"| Capazo Plumeti | de Acess\u00f3rios de Caminhada Os Piculins\" \/>\n<meta property=\"og:description\" content=\"Caso Capaz plumeti. Cubra para forrar a sua alcofa bugaboo em plumeti branco com um acabamento volantito em vichy.\" \/>\n<meta property=\"og:url\" content=\"https:\/\/lespiculins.com\/pt-pt\/produto\/cobertura-capaz-plumeti\/\" \/>\n<meta property=\"og:site_name\" content=\"Les Piculins\" \/>\n<meta property=\"article:modified_time\" content=\"2021-04-27T07:55:11+00:00\" \/>\n<meta property=\"og:image\" content=\"https:\/\/lespiculins.com\/wp-content\/uploads\/2021\/03\/funda-capazo-plumeti-vichy-1-scaled.jpg\" \/>\n\t<meta property=\"og:image:width\" content=\"1980\" \/>\n\t<meta property=\"og:image:height\" content=\"2560\" \/>\n\t<meta property=\"og:image:type\" content=\"image\/jpeg\" \/>\n<meta name=\"twitter:card\" content=\"summary_large_image\" \/>\n<script type=\"application\/ld+json\" class=\"yoast-schema-graph\">{\"@context\":\"https:\/\/schema.org\",\"@graph\":[{\"@type\":\"WebPage\",\"@id\":\"https:\/\/lespiculins.com\/pt-pt\/produto\/cobertura-capaz-plumeti\/\",\"url\":\"https:\/\/lespiculins.com\/pt-pt\/produto\/cobertura-capaz-plumeti\/\",\"name\":\"| Capazo Plumeti | de Acess\u00f3rios de Caminhada Os Piculins\",\"isPartOf\":{\"@id\":\"https:\/\/lespiculins.com\/pt-pt\/#website\"},\"datePublished\":\"2021-04-27T07:55:05+00:00\",\"dateModified\":\"2021-04-27T07:55:11+00:00\",\"description\":\"Caso Capaz plumeti. Cubra para forrar a sua alcofa bugaboo em plumeti branco com um acabamento volantito em vichy.\",\"breadcrumb\":{\"@id\":\"https:\/\/lespiculins.com\/pt-pt\/produto\/cobertura-capaz-plumeti\/#breadcrumb\"},\"inLanguage\":\"pt-PT\",\"potentialAction\":[{\"@type\":\"ReadAction\",\"target\":[\"https:\/\/lespiculins.com\/pt-pt\/produto\/cobertura-capaz-plumeti\/\"]}]},{\"@type\":\"BreadcrumbList\",\"@id\":\"https:\/\/lespiculins.com\/pt-pt\/produto\/cobertura-capaz-plumeti\/#breadcrumb\",\"itemListElement\":[{\"@type\":\"ListItem\",\"position\":1,\"name\":\"Portada\",\"item\":\"https:\/\/lespiculins.com\/pt-pt\/inicio\/\"},{\"@type\":\"ListItem\",\"position\":2,\"name\":\"Loja\",\"item\":\"https:\/\/lespiculins.com\/pt-pt\/loja\/\"},{\"@type\":\"ListItem\",\"position\":3,\"name\":\"Caso Capaz plumeti\"}]},{\"@type\":\"WebSite\",\"@id\":\"https:\/\/lespiculins.com\/pt-pt\/#website\",\"url\":\"https:\/\/lespiculins.com\/pt-pt\/\",\"name\":\"Les Piculins\",\"description\":\"Fundas para carritos, bugaboo, maclaren, icoo, bebecar, mima...\",\"potentialAction\":[{\"@type\":\"SearchAction\",\"target\":{\"@type\":\"EntryPoint\",\"urlTemplate\":\"https:\/\/lespiculins.com\/pt-pt\/?s={search_term_string}\"},\"query-input\":\"required name=search_term_string\"}],\"inLanguage\":\"pt-PT\"}]}<\/script>\n<!-- \/ Yoast SEO plugin. -->","yoast_head_json":{"title":"| Capazo Plumeti | de Acess\u00f3rios de Caminhada Os Piculins","description":"Caso Capaz plumeti. Cubra para forrar a sua alcofa bugaboo em plumeti branco com um acabamento volantito em vichy.","robots":{"index":"index","follow":"follow","max-snippet":"max-snippet:-1","max-image-preview":"max-image-preview:large","max-video-preview":"max-video-preview:-1"},"canonical":"https:\/\/lespiculins.com\/pt-pt\/produto\/cobertura-capaz-plumeti\/","og_locale":"pt_PT","og_type":"article","og_title":"| Capazo Plumeti | de Acess\u00f3rios de Caminhada Os Piculins","og_description":"Caso Capaz plumeti. Cubra para forrar a sua alcofa bugaboo em plumeti branco com um acabamento volantito em vichy.","og_url":"https:\/\/lespiculins.com\/pt-pt\/produto\/cobertura-capaz-plumeti\/","og_site_name":"Les Piculins","article_modified_time":"2021-04-27T07:55:11+00:00","og_image":[{"width":1980,"height":2560,"url":"https:\/\/lespiculins.com\/wp-content\/uploads\/2021\/03\/funda-capazo-plumeti-vichy-1-scaled.jpg","type":"image\/jpeg"}],"twitter_card":"summary_large_image","schema":{"@context":"https:\/\/schema.org","@graph":[{"@type":"WebPage","@id":"https:\/\/lespiculins.com\/pt-pt\/produto\/cobertura-capaz-plumeti\/","url":"https:\/\/lespiculins.com\/pt-pt\/produto\/cobertura-capaz-plumeti\/","name":"| Capazo Plumeti | de Acess\u00f3rios de Caminhada Os Piculins","isPartOf":{"@id":"https:\/\/lespiculins.com\/pt-pt\/#website"},"datePublished":"2021-04-27T07:55:05+00:00","dateModified":"2021-04-27T07:55:11+00:00","description":"Caso Capaz plumeti. Cubra para forrar a sua alcofa bugaboo em plumeti branco com um acabamento volantito em vichy.","breadcrumb":{"@id":"https:\/\/lespiculins.com\/pt-pt\/produto\/cobertura-capaz-plumeti\/#breadcrumb"},"inLanguage":"pt-PT","potentialAction":[{"@type":"ReadAction","target":["https:\/\/lespiculins.com\/pt-pt\/produto\/cobertura-capaz-plumeti\/"]}]},{"@type":"BreadcrumbList","@id":"https:\/\/lespiculins.com\/pt-pt\/produto\/cobertura-capaz-plumeti\/#breadcrumb","itemListElement":[{"@type":"ListItem","position":1,"name":"Portada","item":"https:\/\/lespiculins.com\/pt-pt\/inicio\/"},{"@type":"ListItem","position":2,"name":"Loja","item":"https:\/\/lespiculins.com\/pt-pt\/loja\/"},{"@type":"ListItem","position":3,"name":"Caso Capaz plumeti"}]},{"@type":"WebSite","@id":"https:\/\/lespiculins.com\/pt-pt\/#website","url":"https:\/\/lespiculins.com\/pt-pt\/","name":"Les Piculins","description":"Fundas para carritos, bugaboo, maclaren, icoo, bebecar, mima...","potentialAction":[{"@type":"SearchAction","target":{"@type":"EntryPoint","urlTemplate":"https:\/\/lespiculins.com\/pt-pt\/?s={search_term_string}"},"query-input":"required name=search_term_string"}],"inLanguage":"pt-PT"}]}},"_links":{"self":[{"href":"https:\/\/lespiculins.com\/pt-pt\/wp-json\/wp\/v2\/product\/31087"}],"collection":[{"href":"https:\/\/lespiculins.com\/pt-pt\/wp-json\/wp\/v2\/product"}],"about":[{"href":"https:\/\/lespiculins.com\/pt-pt\/wp-json\/wp\/v2\/types\/product"}],"wp:featuredmedia":[{"embeddable":true,"href":"https:\/\/lespiculins.com\/pt-pt\/wp-json\/wp\/v2\/media\/31010"}],"wp:attachment":[{"href":"https:\/\/lespiculins.com\/pt-pt\/wp-json\/wp\/v2\/media?parent=31087"}],"wp:term":[{"taxonomy":"product_cat","embeddable":true,"href":"https:\/\/lespiculins.com\/pt-pt\/wp-json\/wp\/v2\/product_cat?post=31087"},{"taxonomy":"product_tag","embeddable":true,"href":"https:\/\/lespiculins.com\/pt-pt\/wp-json\/wp\/v2\/product_tag?post=31087"}],"curies":[{"name":"wp","href":"https:\/\/api.w.org\/{rel}","templated":true}]}}