{"id":31085,"date":"2021-03-19T13:13:07","date_gmt":"2021-04-27T07:54:20","guid":{"rendered":"https:\/\/lespiculins.com\/producto\/colchao-de-capazo-rosa-vichy\/"},"modified":"2021-04-27T09:54:25","modified_gmt":"2021-04-27T07:54:25","slug":"colchao-de-capazo-rosa-vichy","status":"publish","type":"product","link":"https:\/\/lespiculins.com\/pt-pt\/produto\/colchao-de-capazo-rosa-vichy\/","title":{"rendered":"Colch\u00e3o de Capazo Rosa Vichy"},"content":{"rendered":"<section class=\"wpb-content-wrapper\"><section class=\"l-section wpb_row height_medium\"><div class=\"l-section-h i-cf\"><div class=\"g-cols vc_row via_flex valign_top type_default stacking_default\"><div class=\"vc_col-sm-12 wpb_column vc_column_container\"><div class=\"vc_column-inner\"><div class=\"wpb_wrapper\"><div class=\"wpb_text_column\"><div class=\"wpb_wrapper\"><p>Mais detalhes do nosso Colch\u00e3o Vichy Pink Capazo<\/p>\n<ul>\n<li>Revers\u00edvel, com um rosto em plumeti branco e um em v\u00edbora rosa.<\/li>\n<li>acolchoado.<\/li>\n<li>Feito sob medida: Indique o seu modelo Bugaboo em observa\u00e7\u00f5es.<\/li>\n<li><strong>Gorjetas de lavagem .<\/strong> Maquinado, com o detergente hipoalerg\u00e9nico do seu beb\u00e9, m\u00e1ximo a 30oC. N\u00e3o pode passar ou usar um secador.<\/li>\n<\/ul>\n<\/div><\/div><\/div><\/div><\/div><\/div><\/div><\/section>\n<\/section>","protected":false},"excerpt":{"rendered":"<p style=\"text-align: justify;\">Tapete de alcoa\u00e7a revers\u00edvel, <strong>usa<\/strong>um <strong>rosto em plumeti branco e outro em v\u00edbora cor-de-rosa em p\u00f3.<\/strong> Com volantito terminar em vichy. Proteja o seu colch\u00e3o original e vista a sua bagagem de m\u00e3o, al\u00e9m de que \u00e9 acolchoado para tornar o seu beb\u00e9 mais confort\u00e1vel.<\/p>\n<p style=\"text-align: justify;\">Voc\u00ea pode indicar em observa\u00e7\u00f5es de modelo do <strong>seu Bugaboo<\/strong> e vamos <strong>faz\u00ea-lo feito sob medida<\/strong> para o seu carrinho (Fox, Cameleon, Bee, Burro, Buffalo).<\/p>\n<p style=\"text-align: justify;\">Tamb\u00e9m temos de combinar: o <a href=\"https:\/\/lespiculins.com\/producto\/bolsa-mini-vichy-rosa\/\" target=\"_blank\" rel=\"noopener\">Mini Saco Vichy Rosa,<\/a>o <a href=\"https:\/\/lespiculins.com\/producto\/bolsa-panera-vichy-rosa\/\" target=\"_blank\" rel=\"noopener\">Saco De Vichy Rosa<\/a> e o Saco De Beb\u00e9 Rosa <a href=\"https:\/\/lespiculins.com\/producto\/saco-de-bebe-vicky-rosa\/\" target=\"_blank\" rel=\"noopener\">Vichy.<\/a><\/p>\n","protected":false},"featured_media":31022,"template":"","meta":{"_joinchat":[]},"product_cat":[151],"product_tag":[333],"yoast_head":"<!-- This site is optimized with the Yoast SEO plugin v21.5 - https:\/\/yoast.com\/wordpress\/plugins\/seo\/ -->\n<title>Vichy Pink Vichy | acess\u00f3rios para passeios | Os Piculins<\/title>\n<meta name=\"description\" content=\"Capazo Vichy Rosa tapete. Revers\u00edvel, com um rosto em plumeti branco e um em v\u00edbora rosa com volantito. Tamb\u00e9m \u00e9 acolchoado.\" \/>\n<meta name=\"robots\" content=\"index, follow, max-snippet:-1, max-image-preview:large, max-video-preview:-1\" \/>\n<link rel=\"canonical\" href=\"https:\/\/lespiculins.com\/pt-pt\/produto\/colchao-de-capazo-rosa-vichy\/\" \/>\n<meta property=\"og:locale\" content=\"pt_PT\" \/>\n<meta property=\"og:type\" content=\"article\" \/>\n<meta property=\"og:title\" content=\"Vichy Pink Vichy | acess\u00f3rios para passeios | Os Piculins\" \/>\n<meta property=\"og:description\" content=\"Capazo Vichy Rosa tapete. Revers\u00edvel, com um rosto em plumeti branco e um em v\u00edbora rosa com volantito. Tamb\u00e9m \u00e9 acolchoado.\" \/>\n<meta property=\"og:url\" content=\"https:\/\/lespiculins.com\/pt-pt\/produto\/colchao-de-capazo-rosa-vichy\/\" \/>\n<meta property=\"og:site_name\" content=\"Les Piculins\" \/>\n<meta property=\"article:modified_time\" content=\"2021-04-27T07:54:25+00:00\" \/>\n<meta property=\"og:image\" content=\"https:\/\/lespiculins.com\/wp-content\/uploads\/2021\/03\/colchoneta-capazo-vichy-rosa1-scaled.jpg\" \/>\n\t<meta property=\"og:image:width\" content=\"2560\" \/>\n\t<meta property=\"og:image:height\" content=\"1920\" \/>\n\t<meta property=\"og:image:type\" content=\"image\/jpeg\" \/>\n<meta name=\"twitter:card\" content=\"summary_large_image\" \/>\n<script type=\"application\/ld+json\" class=\"yoast-schema-graph\">{\"@context\":\"https:\/\/schema.org\",\"@graph\":[{\"@type\":\"WebPage\",\"@id\":\"https:\/\/lespiculins.com\/pt-pt\/produto\/colchao-de-capazo-rosa-vichy\/\",\"url\":\"https:\/\/lespiculins.com\/pt-pt\/produto\/colchao-de-capazo-rosa-vichy\/\",\"name\":\"Vichy Pink Vichy | acess\u00f3rios para passeios | Os Piculins\",\"isPartOf\":{\"@id\":\"https:\/\/lespiculins.com\/pt-pt\/#website\"},\"datePublished\":\"2021-04-27T07:54:20+00:00\",\"dateModified\":\"2021-04-27T07:54:25+00:00\",\"description\":\"Capazo Vichy Rosa tapete. Revers\u00edvel, com um rosto em plumeti branco e um em v\u00edbora rosa com volantito. Tamb\u00e9m \u00e9 acolchoado.\",\"breadcrumb\":{\"@id\":\"https:\/\/lespiculins.com\/pt-pt\/produto\/colchao-de-capazo-rosa-vichy\/#breadcrumb\"},\"inLanguage\":\"pt-PT\",\"potentialAction\":[{\"@type\":\"ReadAction\",\"target\":[\"https:\/\/lespiculins.com\/pt-pt\/produto\/colchao-de-capazo-rosa-vichy\/\"]}]},{\"@type\":\"BreadcrumbList\",\"@id\":\"https:\/\/lespiculins.com\/pt-pt\/produto\/colchao-de-capazo-rosa-vichy\/#breadcrumb\",\"itemListElement\":[{\"@type\":\"ListItem\",\"position\":1,\"name\":\"Portada\",\"item\":\"https:\/\/lespiculins.com\/pt-pt\/inicio\/\"},{\"@type\":\"ListItem\",\"position\":2,\"name\":\"Loja\",\"item\":\"https:\/\/lespiculins.com\/pt-pt\/loja\/\"},{\"@type\":\"ListItem\",\"position\":3,\"name\":\"Colch\u00e3o de Capazo Rosa Vichy\"}]},{\"@type\":\"WebSite\",\"@id\":\"https:\/\/lespiculins.com\/pt-pt\/#website\",\"url\":\"https:\/\/lespiculins.com\/pt-pt\/\",\"name\":\"Les Piculins\",\"description\":\"Fundas para carritos, bugaboo, maclaren, icoo, bebecar, mima...\",\"potentialAction\":[{\"@type\":\"SearchAction\",\"target\":{\"@type\":\"EntryPoint\",\"urlTemplate\":\"https:\/\/lespiculins.com\/pt-pt\/?s={search_term_string}\"},\"query-input\":\"required name=search_term_string\"}],\"inLanguage\":\"pt-PT\"}]}<\/script>\n<!-- \/ Yoast SEO plugin. -->","yoast_head_json":{"title":"Vichy Pink Vichy | acess\u00f3rios para passeios | Os Piculins","description":"Capazo Vichy Rosa tapete. Revers\u00edvel, com um rosto em plumeti branco e um em v\u00edbora rosa com volantito. Tamb\u00e9m \u00e9 acolchoado.","robots":{"index":"index","follow":"follow","max-snippet":"max-snippet:-1","max-image-preview":"max-image-preview:large","max-video-preview":"max-video-preview:-1"},"canonical":"https:\/\/lespiculins.com\/pt-pt\/produto\/colchao-de-capazo-rosa-vichy\/","og_locale":"pt_PT","og_type":"article","og_title":"Vichy Pink Vichy | acess\u00f3rios para passeios | Os Piculins","og_description":"Capazo Vichy Rosa tapete. Revers\u00edvel, com um rosto em plumeti branco e um em v\u00edbora rosa com volantito. Tamb\u00e9m \u00e9 acolchoado.","og_url":"https:\/\/lespiculins.com\/pt-pt\/produto\/colchao-de-capazo-rosa-vichy\/","og_site_name":"Les Piculins","article_modified_time":"2021-04-27T07:54:25+00:00","og_image":[{"width":2560,"height":1920,"url":"https:\/\/lespiculins.com\/wp-content\/uploads\/2021\/03\/colchoneta-capazo-vichy-rosa1-scaled.jpg","type":"image\/jpeg"}],"twitter_card":"summary_large_image","schema":{"@context":"https:\/\/schema.org","@graph":[{"@type":"WebPage","@id":"https:\/\/lespiculins.com\/pt-pt\/produto\/colchao-de-capazo-rosa-vichy\/","url":"https:\/\/lespiculins.com\/pt-pt\/produto\/colchao-de-capazo-rosa-vichy\/","name":"Vichy Pink Vichy | acess\u00f3rios para passeios | Os Piculins","isPartOf":{"@id":"https:\/\/lespiculins.com\/pt-pt\/#website"},"datePublished":"2021-04-27T07:54:20+00:00","dateModified":"2021-04-27T07:54:25+00:00","description":"Capazo Vichy Rosa tapete. Revers\u00edvel, com um rosto em plumeti branco e um em v\u00edbora rosa com volantito. Tamb\u00e9m \u00e9 acolchoado.","breadcrumb":{"@id":"https:\/\/lespiculins.com\/pt-pt\/produto\/colchao-de-capazo-rosa-vichy\/#breadcrumb"},"inLanguage":"pt-PT","potentialAction":[{"@type":"ReadAction","target":["https:\/\/lespiculins.com\/pt-pt\/produto\/colchao-de-capazo-rosa-vichy\/"]}]},{"@type":"BreadcrumbList","@id":"https:\/\/lespiculins.com\/pt-pt\/produto\/colchao-de-capazo-rosa-vichy\/#breadcrumb","itemListElement":[{"@type":"ListItem","position":1,"name":"Portada","item":"https:\/\/lespiculins.com\/pt-pt\/inicio\/"},{"@type":"ListItem","position":2,"name":"Loja","item":"https:\/\/lespiculins.com\/pt-pt\/loja\/"},{"@type":"ListItem","position":3,"name":"Colch\u00e3o de Capazo Rosa Vichy"}]},{"@type":"WebSite","@id":"https:\/\/lespiculins.com\/pt-pt\/#website","url":"https:\/\/lespiculins.com\/pt-pt\/","name":"Les Piculins","description":"Fundas para carritos, bugaboo, maclaren, icoo, bebecar, mima...","potentialAction":[{"@type":"SearchAction","target":{"@type":"EntryPoint","urlTemplate":"https:\/\/lespiculins.com\/pt-pt\/?s={search_term_string}"},"query-input":"required name=search_term_string"}],"inLanguage":"pt-PT"}]}},"_links":{"self":[{"href":"https:\/\/lespiculins.com\/pt-pt\/wp-json\/wp\/v2\/product\/31085"}],"collection":[{"href":"https:\/\/lespiculins.com\/pt-pt\/wp-json\/wp\/v2\/product"}],"about":[{"href":"https:\/\/lespiculins.com\/pt-pt\/wp-json\/wp\/v2\/types\/product"}],"wp:featuredmedia":[{"embeddable":true,"href":"https:\/\/lespiculins.com\/pt-pt\/wp-json\/wp\/v2\/media\/31022"}],"wp:attachment":[{"href":"https:\/\/lespiculins.com\/pt-pt\/wp-json\/wp\/v2\/media?parent=31085"}],"wp:term":[{"taxonomy":"product_cat","embeddable":true,"href":"https:\/\/lespiculins.com\/pt-pt\/wp-json\/wp\/v2\/product_cat?post=31085"},{"taxonomy":"product_tag","embeddable":true,"href":"https:\/\/lespiculins.com\/pt-pt\/wp-json\/wp\/v2\/product_tag?post=31085"}],"curies":[{"name":"wp","href":"https:\/\/api.w.org\/{rel}","templated":true}]}}