{"id":27232,"date":"2021-03-22T11:59:45","date_gmt":"2021-04-21T15:18:52","guid":{"rendered":"https:\/\/lespiculins.com\/producto\/luz-da-liberdade-arrullo-soft-pink\/"},"modified":"2021-04-21T17:20:12","modified_gmt":"2021-04-21T15:20:12","slug":"cooing-light-liberty-pink-soft","status":"publish","type":"product","link":"https:\/\/lespiculins.com\/pt-pt\/produto\/cooing-light-liberty-pink-soft\/","title":{"rendered":"Luz da liberdade Arrullo Soft Pink"},"content":{"rendered":"<p>Mais detalhes da nossa Liberty Soft Pink Light Arrullo<\/p>\n<p>&nbsp;<\/p>\n<ul>\n<li>Tamanho 100 x 100 cm.<\/li>\n<li>100% algod\u00e3o.<\/li>\n<li>Combinado com Liberty <a href=\"https:\/\/lespiculins.com\/producto\/saco-bebe-liberty-rosa-suave\/\" target=\"_blank\" rel=\"noopener\">Soft Pink Baby Bag e<\/a> Mini Liberty Soft Pink <a href=\"https:\/\/lespiculins.com\/producto\/bolsa-mini-liberty-rosa-suave\/\" target=\"_blank\" rel=\"noopener\">Bag.<\/a><\/li>\n<\/ul>\n<p>&nbsp;<\/p>\n","protected":false},"excerpt":{"rendered":"<p style=\"text-align: justify;\"><strong>Leve pausa,<\/strong>ideal para apanhar o seu beb\u00e9 quando o tirar da bagagem nas noites de ver\u00e3o. Tamb\u00e9m vais us\u00e1-lo para cobrir o teu beb\u00e9 na cadeira dele ou dela. Em <strong>bambula branca,<\/strong>com <strong>volantito em uma impress\u00e3o Liberty London em tons muito suaves pastel rosa.<\/strong><\/p>\n<p style=\"text-align: justify;\">Esta <strong>toquilla leve<\/strong> tem a fun\u00e7\u00e3o de proteger o beb\u00e9, quer ele esteja a ser mantido nos bra\u00e7os ou se est\u00e1 a ser levado para um passeio. Ser feito de tecidos leves n\u00e3o sufoca o beb\u00e9 como um cobertor. S\u00e3o <strong>muito pr\u00e1ticos e \u00fateis,<\/strong>por isso muitas m\u00e3es ou pais t\u00eam mais de um e dois, porque s\u00e3o usados diariamente.<\/p>\n<p style=\"text-align: justify;\">O nosso cobertor combina com outros produtos como: o <a href=\"https:\/\/lespiculins.com\/producto\/saco-bebe-liberty-rosa-suave\/\" target=\"_blank\" rel=\"noopener\">Liberty Soft Pink Baby Bag<\/a> e o Soft Pink Mini Liberty <a href=\"https:\/\/lespiculins.com\/producto\/bolsa-mini-liberty-rosa-suave\/\" target=\"_blank\" rel=\"noopener\">Bag.<\/a><\/p>\n<p style=\"text-align: justify;\">Mantenha a <strong>sua calma como nova,<\/strong>seguindo as nossas dicas de lavagem. Maquinado, com o detergente hipoalerg\u00e9nico do seu beb\u00e9, m\u00e1ximo a 30oC. N\u00e3o pode passar ou usar um secador.<\/p>\n","protected":false},"featured_media":31042,"template":"","meta":{"_joinchat":[]},"product_cat":[111],"product_tag":[320],"yoast_head":"<!-- This site is optimized with the Yoast SEO plugin v21.5 - https:\/\/yoast.com\/wordpress\/plugins\/seo\/ -->\n<title>Liberty Light Arrullo Soft Pink | acess\u00f3rios | Os Piculins<\/title>\n<meta name=\"description\" content=\"Liberty Light Arrullo Soft Pink. 100% algod\u00e3o. Em bambula branca, com folhos em Liberty London imprimir em tons cor-de-rosa pastel muito suaves.\" \/>\n<meta name=\"robots\" content=\"index, follow, max-snippet:-1, max-image-preview:large, max-video-preview:-1\" \/>\n<link rel=\"canonical\" href=\"https:\/\/lespiculins.com\/pt-pt\/produto\/cooing-light-liberty-pink-soft\/\" \/>\n<meta property=\"og:locale\" content=\"pt_PT\" \/>\n<meta property=\"og:type\" content=\"article\" \/>\n<meta property=\"og:title\" content=\"Liberty Light Arrullo Soft Pink | acess\u00f3rios | Os Piculins\" \/>\n<meta property=\"og:description\" content=\"Liberty Light Arrullo Soft Pink. 100% algod\u00e3o. Em bambula branca, com folhos em Liberty London imprimir em tons cor-de-rosa pastel muito suaves.\" \/>\n<meta property=\"og:url\" content=\"https:\/\/lespiculins.com\/pt-pt\/produto\/cooing-light-liberty-pink-soft\/\" \/>\n<meta property=\"og:site_name\" content=\"Les Piculins\" \/>\n<meta property=\"article:modified_time\" content=\"2021-04-21T15:20:12+00:00\" \/>\n<meta property=\"og:image\" content=\"https:\/\/lespiculins.com\/wp-content\/uploads\/2021\/03\/arrullo-Liberty-Rosa-Suave-1-scaled.jpg\" \/>\n\t<meta property=\"og:image:width\" content=\"2560\" \/>\n\t<meta property=\"og:image:height\" content=\"2361\" \/>\n\t<meta property=\"og:image:type\" content=\"image\/jpeg\" \/>\n<meta name=\"twitter:card\" content=\"summary_large_image\" \/>\n<script type=\"application\/ld+json\" class=\"yoast-schema-graph\">{\"@context\":\"https:\/\/schema.org\",\"@graph\":[{\"@type\":\"WebPage\",\"@id\":\"https:\/\/lespiculins.com\/pt-pt\/produto\/cooing-light-liberty-pink-soft\/\",\"url\":\"https:\/\/lespiculins.com\/pt-pt\/produto\/cooing-light-liberty-pink-soft\/\",\"name\":\"Liberty Light Arrullo Soft Pink | acess\u00f3rios | Os Piculins\",\"isPartOf\":{\"@id\":\"https:\/\/lespiculins.com\/pt-pt\/#website\"},\"datePublished\":\"2021-04-21T15:18:52+00:00\",\"dateModified\":\"2021-04-21T15:20:12+00:00\",\"description\":\"Liberty Light Arrullo Soft Pink. 100% algod\u00e3o. Em bambula branca, com folhos em Liberty London imprimir em tons cor-de-rosa pastel muito suaves.\",\"breadcrumb\":{\"@id\":\"https:\/\/lespiculins.com\/pt-pt\/produto\/cooing-light-liberty-pink-soft\/#breadcrumb\"},\"inLanguage\":\"pt-PT\",\"potentialAction\":[{\"@type\":\"ReadAction\",\"target\":[\"https:\/\/lespiculins.com\/pt-pt\/produto\/cooing-light-liberty-pink-soft\/\"]}]},{\"@type\":\"BreadcrumbList\",\"@id\":\"https:\/\/lespiculins.com\/pt-pt\/produto\/cooing-light-liberty-pink-soft\/#breadcrumb\",\"itemListElement\":[{\"@type\":\"ListItem\",\"position\":1,\"name\":\"Portada\",\"item\":\"https:\/\/lespiculins.com\/pt-pt\/inicio\/\"},{\"@type\":\"ListItem\",\"position\":2,\"name\":\"Loja\",\"item\":\"https:\/\/lespiculins.com\/pt-pt\/loja\/\"},{\"@type\":\"ListItem\",\"position\":3,\"name\":\"Luz da liberdade Arrullo Soft Pink\"}]},{\"@type\":\"WebSite\",\"@id\":\"https:\/\/lespiculins.com\/pt-pt\/#website\",\"url\":\"https:\/\/lespiculins.com\/pt-pt\/\",\"name\":\"Les Piculins\",\"description\":\"Fundas para carritos, bugaboo, maclaren, icoo, bebecar, mima...\",\"potentialAction\":[{\"@type\":\"SearchAction\",\"target\":{\"@type\":\"EntryPoint\",\"urlTemplate\":\"https:\/\/lespiculins.com\/pt-pt\/?s={search_term_string}\"},\"query-input\":\"required name=search_term_string\"}],\"inLanguage\":\"pt-PT\"}]}<\/script>\n<!-- \/ Yoast SEO plugin. -->","yoast_head_json":{"title":"Liberty Light Arrullo Soft Pink | acess\u00f3rios | Os Piculins","description":"Liberty Light Arrullo Soft Pink. 100% algod\u00e3o. Em bambula branca, com folhos em Liberty London imprimir em tons cor-de-rosa pastel muito suaves.","robots":{"index":"index","follow":"follow","max-snippet":"max-snippet:-1","max-image-preview":"max-image-preview:large","max-video-preview":"max-video-preview:-1"},"canonical":"https:\/\/lespiculins.com\/pt-pt\/produto\/cooing-light-liberty-pink-soft\/","og_locale":"pt_PT","og_type":"article","og_title":"Liberty Light Arrullo Soft Pink | acess\u00f3rios | Os Piculins","og_description":"Liberty Light Arrullo Soft Pink. 100% algod\u00e3o. Em bambula branca, com folhos em Liberty London imprimir em tons cor-de-rosa pastel muito suaves.","og_url":"https:\/\/lespiculins.com\/pt-pt\/produto\/cooing-light-liberty-pink-soft\/","og_site_name":"Les Piculins","article_modified_time":"2021-04-21T15:20:12+00:00","og_image":[{"width":2560,"height":2361,"url":"https:\/\/lespiculins.com\/wp-content\/uploads\/2021\/03\/arrullo-Liberty-Rosa-Suave-1-scaled.jpg","type":"image\/jpeg"}],"twitter_card":"summary_large_image","schema":{"@context":"https:\/\/schema.org","@graph":[{"@type":"WebPage","@id":"https:\/\/lespiculins.com\/pt-pt\/produto\/cooing-light-liberty-pink-soft\/","url":"https:\/\/lespiculins.com\/pt-pt\/produto\/cooing-light-liberty-pink-soft\/","name":"Liberty Light Arrullo Soft Pink | acess\u00f3rios | Os Piculins","isPartOf":{"@id":"https:\/\/lespiculins.com\/pt-pt\/#website"},"datePublished":"2021-04-21T15:18:52+00:00","dateModified":"2021-04-21T15:20:12+00:00","description":"Liberty Light Arrullo Soft Pink. 100% algod\u00e3o. Em bambula branca, com folhos em Liberty London imprimir em tons cor-de-rosa pastel muito suaves.","breadcrumb":{"@id":"https:\/\/lespiculins.com\/pt-pt\/produto\/cooing-light-liberty-pink-soft\/#breadcrumb"},"inLanguage":"pt-PT","potentialAction":[{"@type":"ReadAction","target":["https:\/\/lespiculins.com\/pt-pt\/produto\/cooing-light-liberty-pink-soft\/"]}]},{"@type":"BreadcrumbList","@id":"https:\/\/lespiculins.com\/pt-pt\/produto\/cooing-light-liberty-pink-soft\/#breadcrumb","itemListElement":[{"@type":"ListItem","position":1,"name":"Portada","item":"https:\/\/lespiculins.com\/pt-pt\/inicio\/"},{"@type":"ListItem","position":2,"name":"Loja","item":"https:\/\/lespiculins.com\/pt-pt\/loja\/"},{"@type":"ListItem","position":3,"name":"Luz da liberdade Arrullo Soft Pink"}]},{"@type":"WebSite","@id":"https:\/\/lespiculins.com\/pt-pt\/#website","url":"https:\/\/lespiculins.com\/pt-pt\/","name":"Les Piculins","description":"Fundas para carritos, bugaboo, maclaren, icoo, bebecar, mima...","potentialAction":[{"@type":"SearchAction","target":{"@type":"EntryPoint","urlTemplate":"https:\/\/lespiculins.com\/pt-pt\/?s={search_term_string}"},"query-input":"required name=search_term_string"}],"inLanguage":"pt-PT"}]}},"_links":{"self":[{"href":"https:\/\/lespiculins.com\/pt-pt\/wp-json\/wp\/v2\/product\/27232"}],"collection":[{"href":"https:\/\/lespiculins.com\/pt-pt\/wp-json\/wp\/v2\/product"}],"about":[{"href":"https:\/\/lespiculins.com\/pt-pt\/wp-json\/wp\/v2\/types\/product"}],"wp:featuredmedia":[{"embeddable":true,"href":"https:\/\/lespiculins.com\/pt-pt\/wp-json\/wp\/v2\/media\/31042"}],"wp:attachment":[{"href":"https:\/\/lespiculins.com\/pt-pt\/wp-json\/wp\/v2\/media?parent=27232"}],"wp:term":[{"taxonomy":"product_cat","embeddable":true,"href":"https:\/\/lespiculins.com\/pt-pt\/wp-json\/wp\/v2\/product_cat?post=27232"},{"taxonomy":"product_tag","embeddable":true,"href":"https:\/\/lespiculins.com\/pt-pt\/wp-json\/wp\/v2\/product_tag?post=27232"}],"curies":[{"name":"wp","href":"https:\/\/api.w.org\/{rel}","templated":true}]}}