{"id":27142,"date":"2021-04-13T11:54:55","date_gmt":"2021-04-21T14:09:36","guid":{"rendered":"https:\/\/lespiculins.com\/producto\/sabanita-liberty-rosa-palo\/"},"modified":"2021-04-21T16:09:36","modified_gmt":"2021-04-21T14:09:36","slug":"sabanita-liberdade-rosa-palo","status":"publish","type":"product","link":"https:\/\/lespiculins.com\/pt-pt\/produto\/sabanita-liberdade-rosa-palo\/","title":{"rendered":"Sabanita Liberty Rosa Palo"},"content":{"rendered":"<p>Mais detalhes da nossa Sabanita Liberty Rosa Palo<\/p>\n<ul>\n<li>Gorjetas de lavagem. Maquinado, com o detergente hipoalerg\u00e9nico do seu beb\u00e9, m\u00e1ximo a 30oC. N\u00e3o pode passar ou usar um secador.<\/li>\n<li>Outros produtos da cole\u00e7\u00e3o: o <a href=\"https:\/\/lespiculins.com\/pt-pt\/produto\/mini-liberty-rosa-palo-bag\/\" target=\"_blank\" rel=\"noopener\">Mini Liberty Rosa Palo Bag.<\/a> O <a href=\"https:\/\/lespiculins.com\/pt-pt\/produto\/baby-bag-liberty-pink-stick\/\" target=\"_blank\" rel=\"noopener\">saco rosa do saco de beb\u00ea liberty.<\/a> O <a href=\"https:\/\/lespiculins.com\/pt-pt\/produto\/tapete-reversivel-bugaboo-liberty-pink-palo\/\" target=\"_blank\" rel=\"noopener\">Tapete Revers\u00edvel Bugaboo Liberty Palo.<\/a> A <a href=\"https:\/\/lespiculins.com\/pt-pt\/produto\/liberty-pink-palo-talega\/\" target=\"_blank\" rel=\"noopener\">Talega Liberty Rosa Palo.<\/a> Ou a <a href=\"https:\/\/lespiculins.com\/pt-pt\/produto\/liberty-rosa-palo-changer\/\" target=\"_blank\" rel=\"noopener\">Liberty Rosa Palo Changer.<\/a><\/li>\n<\/ul>\n","protected":false},"excerpt":{"rendered":"<p style=\"text-align: justify;\">Sabanitas em <strong>bambula macia.<\/strong> Len\u00e7\u00f3is artesanais com os melhores tecidos para dar ao seu beb\u00e9 o resto que ele merece, tecidos amigos do beb\u00e9.<\/p>\n<p style=\"text-align: justify;\">O detalhe do volantito \u00e9 feito de <strong>tecido Liberty London, com flores em tons de madeira rosada e azulada.<\/strong><\/p>\n<p style=\"text-align: justify;\">As suas medi\u00e7\u00f5es de <strong>70 x 90 cm permitem a<\/strong> sua utiliza\u00e7\u00e3o tanto na <strong>bagagem de m\u00e3o como<\/strong> no ber\u00e7o.<\/p>\n","protected":false},"featured_media":31052,"template":"","meta":{"_joinchat":[]},"product_cat":[107],"product_tag":[319],"yoast_head":"<!-- This site is optimized with the Yoast SEO plugin v21.5 - https:\/\/yoast.com\/wordpress\/plugins\/seo\/ -->\n<title>Sabanita Liberty Rosa Palo | Acess\u00f3rios para beb\u00e9s | Os Piculins<\/title>\n<meta name=\"description\" content=\"Sabanita Liberty Rosa Palo. Folha agrad\u00e1vel em bambula branco feito \u00e0 m\u00e3o com tecido liberty e detalhe de folhos em tons de madeira rosada e azulada.\" \/>\n<meta name=\"robots\" content=\"index, follow, max-snippet:-1, max-image-preview:large, max-video-preview:-1\" \/>\n<link rel=\"canonical\" href=\"https:\/\/lespiculins.com\/pt-pt\/produto\/sabanita-liberdade-rosa-palo\/\" \/>\n<meta property=\"og:locale\" content=\"pt_PT\" \/>\n<meta property=\"og:type\" content=\"article\" \/>\n<meta property=\"og:title\" content=\"Sabanita Liberty Rosa Palo | Acess\u00f3rios para beb\u00e9s | Os Piculins\" \/>\n<meta property=\"og:description\" content=\"Sabanita Liberty Rosa Palo. Folha agrad\u00e1vel em bambula branco feito \u00e0 m\u00e3o com tecido liberty e detalhe de folhos em tons de madeira rosada e azulada.\" \/>\n<meta property=\"og:url\" content=\"https:\/\/lespiculins.com\/pt-pt\/produto\/sabanita-liberdade-rosa-palo\/\" \/>\n<meta property=\"og:site_name\" content=\"Les Piculins\" \/>\n<meta property=\"og:image\" content=\"https:\/\/lespiculins.com\/wp-content\/uploads\/2021\/04\/sabanita-Liberty-rosa-palo-1-scaled.jpg\" \/>\n\t<meta property=\"og:image:width\" content=\"2560\" \/>\n\t<meta property=\"og:image:height\" content=\"2368\" \/>\n\t<meta property=\"og:image:type\" content=\"image\/jpeg\" \/>\n<meta name=\"twitter:card\" content=\"summary_large_image\" \/>\n<script type=\"application\/ld+json\" class=\"yoast-schema-graph\">{\"@context\":\"https:\/\/schema.org\",\"@graph\":[{\"@type\":\"WebPage\",\"@id\":\"https:\/\/lespiculins.com\/pt-pt\/produto\/sabanita-liberdade-rosa-palo\/\",\"url\":\"https:\/\/lespiculins.com\/pt-pt\/produto\/sabanita-liberdade-rosa-palo\/\",\"name\":\"Sabanita Liberty Rosa Palo | Acess\u00f3rios para beb\u00e9s | Os Piculins\",\"isPartOf\":{\"@id\":\"https:\/\/lespiculins.com\/pt-pt\/#website\"},\"datePublished\":\"2021-04-21T14:09:36+00:00\",\"dateModified\":\"2021-04-21T14:09:36+00:00\",\"description\":\"Sabanita Liberty Rosa Palo. Folha agrad\u00e1vel em bambula branco feito \u00e0 m\u00e3o com tecido liberty e detalhe de folhos em tons de madeira rosada e azulada.\",\"breadcrumb\":{\"@id\":\"https:\/\/lespiculins.com\/pt-pt\/produto\/sabanita-liberdade-rosa-palo\/#breadcrumb\"},\"inLanguage\":\"pt-PT\",\"potentialAction\":[{\"@type\":\"ReadAction\",\"target\":[\"https:\/\/lespiculins.com\/pt-pt\/produto\/sabanita-liberdade-rosa-palo\/\"]}]},{\"@type\":\"BreadcrumbList\",\"@id\":\"https:\/\/lespiculins.com\/pt-pt\/produto\/sabanita-liberdade-rosa-palo\/#breadcrumb\",\"itemListElement\":[{\"@type\":\"ListItem\",\"position\":1,\"name\":\"Portada\",\"item\":\"https:\/\/lespiculins.com\/pt-pt\/inicio\/\"},{\"@type\":\"ListItem\",\"position\":2,\"name\":\"Loja\",\"item\":\"https:\/\/lespiculins.com\/pt-pt\/loja\/\"},{\"@type\":\"ListItem\",\"position\":3,\"name\":\"Sabanita Liberty Rosa Palo\"}]},{\"@type\":\"WebSite\",\"@id\":\"https:\/\/lespiculins.com\/pt-pt\/#website\",\"url\":\"https:\/\/lespiculins.com\/pt-pt\/\",\"name\":\"Les Piculins\",\"description\":\"Fundas para carritos, bugaboo, maclaren, icoo, bebecar, mima...\",\"potentialAction\":[{\"@type\":\"SearchAction\",\"target\":{\"@type\":\"EntryPoint\",\"urlTemplate\":\"https:\/\/lespiculins.com\/pt-pt\/?s={search_term_string}\"},\"query-input\":\"required name=search_term_string\"}],\"inLanguage\":\"pt-PT\"}]}<\/script>\n<!-- \/ Yoast SEO plugin. -->","yoast_head_json":{"title":"Sabanita Liberty Rosa Palo | Acess\u00f3rios para beb\u00e9s | Os Piculins","description":"Sabanita Liberty Rosa Palo. Folha agrad\u00e1vel em bambula branco feito \u00e0 m\u00e3o com tecido liberty e detalhe de folhos em tons de madeira rosada e azulada.","robots":{"index":"index","follow":"follow","max-snippet":"max-snippet:-1","max-image-preview":"max-image-preview:large","max-video-preview":"max-video-preview:-1"},"canonical":"https:\/\/lespiculins.com\/pt-pt\/produto\/sabanita-liberdade-rosa-palo\/","og_locale":"pt_PT","og_type":"article","og_title":"Sabanita Liberty Rosa Palo | Acess\u00f3rios para beb\u00e9s | Os Piculins","og_description":"Sabanita Liberty Rosa Palo. Folha agrad\u00e1vel em bambula branco feito \u00e0 m\u00e3o com tecido liberty e detalhe de folhos em tons de madeira rosada e azulada.","og_url":"https:\/\/lespiculins.com\/pt-pt\/produto\/sabanita-liberdade-rosa-palo\/","og_site_name":"Les Piculins","og_image":[{"width":2560,"height":2368,"url":"https:\/\/lespiculins.com\/wp-content\/uploads\/2021\/04\/sabanita-Liberty-rosa-palo-1-scaled.jpg","type":"image\/jpeg"}],"twitter_card":"summary_large_image","schema":{"@context":"https:\/\/schema.org","@graph":[{"@type":"WebPage","@id":"https:\/\/lespiculins.com\/pt-pt\/produto\/sabanita-liberdade-rosa-palo\/","url":"https:\/\/lespiculins.com\/pt-pt\/produto\/sabanita-liberdade-rosa-palo\/","name":"Sabanita Liberty Rosa Palo | Acess\u00f3rios para beb\u00e9s | Os Piculins","isPartOf":{"@id":"https:\/\/lespiculins.com\/pt-pt\/#website"},"datePublished":"2021-04-21T14:09:36+00:00","dateModified":"2021-04-21T14:09:36+00:00","description":"Sabanita Liberty Rosa Palo. Folha agrad\u00e1vel em bambula branco feito \u00e0 m\u00e3o com tecido liberty e detalhe de folhos em tons de madeira rosada e azulada.","breadcrumb":{"@id":"https:\/\/lespiculins.com\/pt-pt\/produto\/sabanita-liberdade-rosa-palo\/#breadcrumb"},"inLanguage":"pt-PT","potentialAction":[{"@type":"ReadAction","target":["https:\/\/lespiculins.com\/pt-pt\/produto\/sabanita-liberdade-rosa-palo\/"]}]},{"@type":"BreadcrumbList","@id":"https:\/\/lespiculins.com\/pt-pt\/produto\/sabanita-liberdade-rosa-palo\/#breadcrumb","itemListElement":[{"@type":"ListItem","position":1,"name":"Portada","item":"https:\/\/lespiculins.com\/pt-pt\/inicio\/"},{"@type":"ListItem","position":2,"name":"Loja","item":"https:\/\/lespiculins.com\/pt-pt\/loja\/"},{"@type":"ListItem","position":3,"name":"Sabanita Liberty Rosa Palo"}]},{"@type":"WebSite","@id":"https:\/\/lespiculins.com\/pt-pt\/#website","url":"https:\/\/lespiculins.com\/pt-pt\/","name":"Les Piculins","description":"Fundas para carritos, bugaboo, maclaren, icoo, bebecar, mima...","potentialAction":[{"@type":"SearchAction","target":{"@type":"EntryPoint","urlTemplate":"https:\/\/lespiculins.com\/pt-pt\/?s={search_term_string}"},"query-input":"required name=search_term_string"}],"inLanguage":"pt-PT"}]}},"_links":{"self":[{"href":"https:\/\/lespiculins.com\/pt-pt\/wp-json\/wp\/v2\/product\/27142"}],"collection":[{"href":"https:\/\/lespiculins.com\/pt-pt\/wp-json\/wp\/v2\/product"}],"about":[{"href":"https:\/\/lespiculins.com\/pt-pt\/wp-json\/wp\/v2\/types\/product"}],"wp:featuredmedia":[{"embeddable":true,"href":"https:\/\/lespiculins.com\/pt-pt\/wp-json\/wp\/v2\/media\/31052"}],"wp:attachment":[{"href":"https:\/\/lespiculins.com\/pt-pt\/wp-json\/wp\/v2\/media?parent=27142"}],"wp:term":[{"taxonomy":"product_cat","embeddable":true,"href":"https:\/\/lespiculins.com\/pt-pt\/wp-json\/wp\/v2\/product_cat?post=27142"},{"taxonomy":"product_tag","embeddable":true,"href":"https:\/\/lespiculins.com\/pt-pt\/wp-json\/wp\/v2\/product_tag?post=27142"}],"curies":[{"name":"wp","href":"https:\/\/api.w.org\/{rel}","templated":true}]}}