{"id":27223,"date":"2021-04-21T17:13:52","date_gmt":"2021-04-21T15:13:52","guid":{"rendered":"https:\/\/lespiculins.com\/condicoes-de-compra\/"},"modified":"2021-04-21T17:13:53","modified_gmt":"2021-04-21T15:13:53","slug":"condicoes-de-compra","status":"publish","type":"page","link":"https:\/\/lespiculins.com\/pt-pt\/condicoes-de-compra\/","title":{"rendered":"Condi\u00e7\u00f5es de compra"},"content":{"rendered":"<section class=\"wpb-content-wrapper\"><section class=\"l-section wpb_row height_medium\"><div class=\"l-section-h i-cf\"><div class=\"g-cols vc_row via_flex valign_top type_default stacking_default\"><div class=\"vc_col-sm-4 wpb_column vc_column_container\"><div class=\"vc_column-inner\"><div class=\"wpb_wrapper\"><div class=\"w-image align_none\"><div class=\"w-image-h\"><img decoding=\"async\" width=\"600\" height=\"449\" src=\"https:\/\/lespiculins.com\/wp-content\/uploads\/2020\/09\/ship-600x449.png\" class=\"attachment-shop_single size-shop_single\" alt=\"\" srcset=\"https:\/\/lespiculins.com\/wp-content\/uploads\/2020\/09\/ship-600x449.png 600w, https:\/\/lespiculins.com\/wp-content\/uploads\/2020\/09\/ship-300x224.png 300w, https:\/\/lespiculins.com\/wp-content\/uploads\/2020\/09\/ship-1024x766.png 1024w, https:\/\/lespiculins.com\/wp-content\/uploads\/2020\/09\/ship-768x574.png 768w, https:\/\/lespiculins.com\/wp-content\/uploads\/2020\/09\/ship.png 1296w\" sizes=\"(max-width: 600px) 100vw, 600px\" \/><\/div><\/div><\/div><\/div><\/div><div class=\"vc_col-sm-8 wpb_column vc_column_container\"><div class=\"vc_column-inner\"><div class=\"wpb_wrapper\"><div class=\"wpb_text_column\"><div class=\"wpb_wrapper\"><h3>Envios<\/h3>\n<p>As nossas encomendas s\u00e3o enviadas de segunda a sexta-feira. As encomendas feitas durante o fim de semana ou feriados ser\u00e3o enviadas a partir do primeiro dia \u00fatil. O tempo de envio \u00e9 de 24-48 h. Se por alguma raz\u00e3o a encomenda sofrer algum atraso, entraremos em contacto consigo o mais rapidamente poss\u00edvel para o informar.<\/p>\n<ul>\n<li>Pen\u00ednsula e Ilhas Baleares: 5,90 euros.<\/li>\n<li>Europa: 15 euros.<\/li>\n<li>Ilhas Can\u00e1rias, Ceuta, Melilla e outros pa\u00edses: contacte-nos atrav\u00e9s de lespiculins@yahoo.es<\/li>\n<\/ul>\n<\/div><\/div><\/div><\/div><\/div><\/div><\/div><\/section><section class=\"l-section wpb_row height_medium\"><div class=\"l-section-h i-cf\"><div class=\"g-cols vc_row via_flex valign_top type_default stacking_default\"><div class=\"vc_col-sm-4 wpb_column vc_column_container\"><div class=\"vc_column-inner\"><div class=\"wpb_wrapper\"><div class=\"w-image align_none\"><div class=\"w-image-h\"><img decoding=\"async\" width=\"600\" height=\"450\" src=\"https:\/\/lespiculins.com\/wp-content\/uploads\/2020\/09\/personalizado-600x450.png\" class=\"attachment-shop_single size-shop_single\" alt=\"\" srcset=\"https:\/\/lespiculins.com\/wp-content\/uploads\/2020\/09\/personalizado-600x450.png 600w, https:\/\/lespiculins.com\/wp-content\/uploads\/2020\/09\/personalizado-300x225.png 300w, https:\/\/lespiculins.com\/wp-content\/uploads\/2020\/09\/personalizado-1024x768.png 1024w, https:\/\/lespiculins.com\/wp-content\/uploads\/2020\/09\/personalizado-768x576.png 768w, https:\/\/lespiculins.com\/wp-content\/uploads\/2020\/09\/personalizado.png 1356w\" sizes=\"(max-width: 600px) 100vw, 600px\" \/><\/div><\/div><\/div><\/div><\/div><div class=\"vc_col-sm-8 wpb_column vc_column_container\"><div class=\"vc_column-inner\"><div class=\"wpb_wrapper\"><div class=\"wpb_text_column\"><div class=\"wpb_wrapper\"><h3>Devolu\u00e7\u00f5es<\/h3>\n<p>Os nossos itens s\u00e3o muito exclusivos, por isso damos um per\u00edodo de devolu\u00e7\u00e3o de sete dias de calend\u00e1rio assim que o seu pacote for recebido. Em nenhuma circunst\u00e2ncia devolvemos as pe\u00e7as de vestu\u00e1rio que foram utilizadas, o artigo deve estar em perfeitas condi\u00e7\u00f5es conforme o recebeu.<\/p>\n<p>Os custos de devolu\u00e7\u00e3o ser\u00e3o por sua conta e risco, se tiver de devolver um item contacte-nos e n\u00f3s diremos como faz\u00ea-lo.<\/p>\n<p>Assim que recebermos o item na nossa oficina e verificarmos que est\u00e1 em perfeitas condi\u00e7\u00f5es, procederemos ao reembolso do valor da pe\u00e7a de vestu\u00e1rio.<\/p>\n<p><strong>As trocas e devolu\u00e7\u00f5es de artigos personalizados n\u00e3o s\u00e3o suportadas.<\/strong><\/p>\n<\/div><\/div><\/div><\/div><\/div><\/div><\/div><\/section><section class=\"l-section wpb_row height_medium\"><div class=\"l-section-h i-cf\"><div class=\"g-cols vc_row via_flex valign_top type_default stacking_default\"><div class=\"vc_col-sm-4 wpb_column vc_column_container\"><div class=\"vc_column-inner\"><div class=\"wpb_wrapper\"><div class=\"w-image align_none\"><div class=\"w-image-h\"><img decoding=\"async\" width=\"600\" height=\"413\" src=\"https:\/\/lespiculins.com\/wp-content\/uploads\/2020\/09\/devoluciones-600x413.png\" class=\"attachment-shop_single size-shop_single\" alt=\"\" srcset=\"https:\/\/lespiculins.com\/wp-content\/uploads\/2020\/09\/devoluciones-600x413.png 600w, https:\/\/lespiculins.com\/wp-content\/uploads\/2020\/09\/devoluciones-300x206.png 300w, https:\/\/lespiculins.com\/wp-content\/uploads\/2020\/09\/devoluciones-1024x704.png 1024w, https:\/\/lespiculins.com\/wp-content\/uploads\/2020\/09\/devoluciones-768x528.png 768w, https:\/\/lespiculins.com\/wp-content\/uploads\/2020\/09\/devoluciones.png 1189w\" sizes=\"(max-width: 600px) 100vw, 600px\" \/><\/div><\/div><\/div><\/div><\/div><div class=\"vc_col-sm-8 wpb_column vc_column_container\"><div class=\"vc_column-inner\"><div class=\"wpb_wrapper\"><div class=\"wpb_text_column\"><div class=\"wpb_wrapper\"><h3>Vendas<\/h3>\n<p style=\"text-align: justify;\">Porque fazemos os nossos artigos \u00e0 m\u00e3o e em muito poucas quantidades n\u00e3o fazemos vendas.<\/p>\n<h3>PRODUTOS PERSONALIZADOS<\/h3>\n<p style=\"text-align: justify;\">Na Les Piculins fazemos acess\u00f3rios artesanais e personalizados para carrinhos de beb\u00e9, bem como todo o tipo de acess\u00f3rios para os primeiros meses do seu beb\u00e9.<\/p>\n<p style=\"text-align: justify;\">Querida mam\u00e3 para lhe fornecer uma cota\u00e7\u00e3o, precisamos que indique a posi\u00e7\u00e3o exata e o modelo do seu carrinho, bem como combina\u00e7\u00f5es de tecidos e acabamentos de que gostou, ambos dispon\u00edveis no nosso site. Se n\u00e3o tivermos o padr\u00e3o do seu carrinho, podemos torn\u00e1-lo universal.<br \/>\nQuanto aos acabamentos pode escolher o tipo: bies, pliss, tira bordada, interd\u00f3s&#8230; mas n\u00e3o o modelo espec\u00edfico (por exemplo, uma tira bordada espec\u00edfica, uma vez que pode n\u00e3o estar dispon\u00edvel nessa altura).<\/p>\n<p style=\"text-align: justify;\">O prazo de validade do or\u00e7amento \u00e9 de 40 dias a contar da data de envio do mesmo.<\/p>\n<p style=\"text-align: justify;\">Para confirmar a sua encomenda tem de ent\u00e3o ent\u00e3o uma transfer\u00eancia\/dep\u00f3sito de 60 euros, o resto ser\u00e1 pago quando a encomenda for conclu\u00edda ap\u00f3s a expedi\u00e7\u00e3o do mesmo.<\/p>\n<p style=\"text-align: justify;\">Enviamos-lhe sempre fotos das suas roupas assim que terminarem para que veja o resultado final.<\/p>\n<p style=\"text-align: justify;\">O nosso prazo de entrega \u00e9 de aproximadamente 1 m\u00eas. confirmou a ordem. Em per\u00edodos de f\u00e9rias ou encomendas de \u00e9poca alta podem ser adiadas. Aconselhamos sempre a encomendar os seus melters com pelo menos dois meses de anteced\u00eancia.<\/p>\n<p>Os nossos itens s\u00e3o feitos por encomenda, por favor verifique as fotos da sua encomenda para verificar se est\u00e1 tudo correto, uma vez que <strong>n\u00e3o s\u00e3o permitidas trocas ou devolu\u00e7\u00f5es de artigos personalizados.<\/strong><\/p>\n<p>\u00c9 normal que algumas pe\u00e7as de vestu\u00e1rio fa\u00e7am uma bola, isto acontece devido a esfregar os p\u00e9s do seu pequenino com o tecido, especialmente quando s\u00e3o beb\u00e9s e usam meias ou patinhos. Remover esta bola \u00e9 muito f\u00e1cil, mas se n\u00e3o souber como faz\u00ea-lo, pode contactar-nos, teremos todo o gosto em ajud\u00e1-lo.<\/p>\n<p>Entendemos que quando faz uma ordem leu e aceita as nossas condi\u00e7\u00f5es.<\/p>\n<p>OBRIGADO POR SE INTERESSAR PELO NOSSO TRABALHO.<\/p>\n<\/div><\/div><\/div><\/div><\/div><\/div><\/div><\/section>\n<\/section>","protected":false},"excerpt":{"rendered":"Envios As nossas encomendas s\u00e3o enviadas de segunda a sexta-feira. As encomendas feitas durante o fim de semana ou feriados ser\u00e3o enviadas a partir do primeiro dia \u00fatil. O tempo de envio \u00e9 de 24-48 h. Se por alguma raz\u00e3o a encomenda sofrer algum atraso, entraremos em contacto consigo o mais rapidamente poss\u00edvel para o...","protected":false},"author":3,"featured_media":0,"parent":0,"menu_order":0,"comment_status":"closed","ping_status":"closed","template":"","meta":{"footnotes":"","_joinchat":[]},"yoast_head":"<!-- This site is optimized with the Yoast SEO plugin v21.5 - https:\/\/yoast.com\/wordpress\/plugins\/seo\/ -->\n<title>Condi\u00e7\u00f5es de compra - Les Piculins<\/title>\n<meta name=\"robots\" content=\"index, follow, max-snippet:-1, max-image-preview:large, max-video-preview:-1\" \/>\n<link rel=\"canonical\" href=\"https:\/\/lespiculins.com\/pt-pt\/condicoes-de-compra\/\" \/>\n<meta property=\"og:locale\" content=\"pt_PT\" \/>\n<meta property=\"og:type\" content=\"article\" \/>\n<meta property=\"og:title\" content=\"Condi\u00e7\u00f5es de compra - Les Piculins\" \/>\n<meta property=\"og:url\" content=\"https:\/\/lespiculins.com\/pt-pt\/condicoes-de-compra\/\" \/>\n<meta property=\"og:site_name\" content=\"Les Piculins\" \/>\n<meta property=\"article:modified_time\" content=\"2021-04-21T15:13:53+00:00\" \/>\n<meta name=\"twitter:card\" content=\"summary_large_image\" \/>\n<meta name=\"twitter:label1\" content=\"Tempo estimado de leitura\" \/>\n\t<meta name=\"twitter:data1\" content=\"3 minutos\" \/>\n<script type=\"application\/ld+json\" class=\"yoast-schema-graph\">{\"@context\":\"https:\/\/schema.org\",\"@graph\":[{\"@type\":\"WebPage\",\"@id\":\"https:\/\/lespiculins.com\/pt-pt\/condicoes-de-compra\/\",\"url\":\"https:\/\/lespiculins.com\/pt-pt\/condicoes-de-compra\/\",\"name\":\"Condi\u00e7\u00f5es de compra - Les Piculins\",\"isPartOf\":{\"@id\":\"https:\/\/lespiculins.com\/pt-pt\/#website\"},\"datePublished\":\"2021-04-21T15:13:52+00:00\",\"dateModified\":\"2021-04-21T15:13:53+00:00\",\"breadcrumb\":{\"@id\":\"https:\/\/lespiculins.com\/pt-pt\/condicoes-de-compra\/#breadcrumb\"},\"inLanguage\":\"pt-PT\",\"potentialAction\":[{\"@type\":\"ReadAction\",\"target\":[\"https:\/\/lespiculins.com\/pt-pt\/condicoes-de-compra\/\"]}]},{\"@type\":\"BreadcrumbList\",\"@id\":\"https:\/\/lespiculins.com\/pt-pt\/condicoes-de-compra\/#breadcrumb\",\"itemListElement\":[{\"@type\":\"ListItem\",\"position\":1,\"name\":\"Portada\",\"item\":\"https:\/\/lespiculins.com\/pt-pt\/inicio\/\"},{\"@type\":\"ListItem\",\"position\":2,\"name\":\"Condi\u00e7\u00f5es de compra\"}]},{\"@type\":\"WebSite\",\"@id\":\"https:\/\/lespiculins.com\/pt-pt\/#website\",\"url\":\"https:\/\/lespiculins.com\/pt-pt\/\",\"name\":\"Les Piculins\",\"description\":\"Fundas para carritos, bugaboo, maclaren, icoo, bebecar, mima...\",\"potentialAction\":[{\"@type\":\"SearchAction\",\"target\":{\"@type\":\"EntryPoint\",\"urlTemplate\":\"https:\/\/lespiculins.com\/pt-pt\/?s={search_term_string}\"},\"query-input\":\"required name=search_term_string\"}],\"inLanguage\":\"pt-PT\"}]}<\/script>\n<!-- \/ Yoast SEO plugin. -->","yoast_head_json":{"title":"Condi\u00e7\u00f5es de compra - Les Piculins","robots":{"index":"index","follow":"follow","max-snippet":"max-snippet:-1","max-image-preview":"max-image-preview:large","max-video-preview":"max-video-preview:-1"},"canonical":"https:\/\/lespiculins.com\/pt-pt\/condicoes-de-compra\/","og_locale":"pt_PT","og_type":"article","og_title":"Condi\u00e7\u00f5es de compra - Les Piculins","og_url":"https:\/\/lespiculins.com\/pt-pt\/condicoes-de-compra\/","og_site_name":"Les Piculins","article_modified_time":"2021-04-21T15:13:53+00:00","twitter_card":"summary_large_image","twitter_misc":{"Tempo estimado de leitura":"3 minutos"},"schema":{"@context":"https:\/\/schema.org","@graph":[{"@type":"WebPage","@id":"https:\/\/lespiculins.com\/pt-pt\/condicoes-de-compra\/","url":"https:\/\/lespiculins.com\/pt-pt\/condicoes-de-compra\/","name":"Condi\u00e7\u00f5es de compra - Les Piculins","isPartOf":{"@id":"https:\/\/lespiculins.com\/pt-pt\/#website"},"datePublished":"2021-04-21T15:13:52+00:00","dateModified":"2021-04-21T15:13:53+00:00","breadcrumb":{"@id":"https:\/\/lespiculins.com\/pt-pt\/condicoes-de-compra\/#breadcrumb"},"inLanguage":"pt-PT","potentialAction":[{"@type":"ReadAction","target":["https:\/\/lespiculins.com\/pt-pt\/condicoes-de-compra\/"]}]},{"@type":"BreadcrumbList","@id":"https:\/\/lespiculins.com\/pt-pt\/condicoes-de-compra\/#breadcrumb","itemListElement":[{"@type":"ListItem","position":1,"name":"Portada","item":"https:\/\/lespiculins.com\/pt-pt\/inicio\/"},{"@type":"ListItem","position":2,"name":"Condi\u00e7\u00f5es de compra"}]},{"@type":"WebSite","@id":"https:\/\/lespiculins.com\/pt-pt\/#website","url":"https:\/\/lespiculins.com\/pt-pt\/","name":"Les Piculins","description":"Fundas para carritos, bugaboo, maclaren, icoo, bebecar, mima...","potentialAction":[{"@type":"SearchAction","target":{"@type":"EntryPoint","urlTemplate":"https:\/\/lespiculins.com\/pt-pt\/?s={search_term_string}"},"query-input":"required name=search_term_string"}],"inLanguage":"pt-PT"}]}},"_links":{"self":[{"href":"https:\/\/lespiculins.com\/pt-pt\/wp-json\/wp\/v2\/pages\/27223"}],"collection":[{"href":"https:\/\/lespiculins.com\/pt-pt\/wp-json\/wp\/v2\/pages"}],"about":[{"href":"https:\/\/lespiculins.com\/pt-pt\/wp-json\/wp\/v2\/types\/page"}],"author":[{"embeddable":true,"href":"https:\/\/lespiculins.com\/pt-pt\/wp-json\/wp\/v2\/users\/3"}],"replies":[{"embeddable":true,"href":"https:\/\/lespiculins.com\/pt-pt\/wp-json\/wp\/v2\/comments?post=27223"}],"version-history":[{"count":7,"href":"https:\/\/lespiculins.com\/pt-pt\/wp-json\/wp\/v2\/pages\/27223\/revisions"}],"predecessor-version":[{"id":27230,"href":"https:\/\/lespiculins.com\/pt-pt\/wp-json\/wp\/v2\/pages\/27223\/revisions\/27230"}],"wp:attachment":[{"href":"https:\/\/lespiculins.com\/pt-pt\/wp-json\/wp\/v2\/media?parent=27223"}],"curies":[{"name":"wp","href":"https:\/\/api.w.org\/{rel}","templated":true}]}}